{"id":587,"date":"2024-09-11T14:56:30","date_gmt":"2024-09-11T12:56:30","guid":{"rendered":"https:\/\/wolfielpz.fr\/?page_id=587"},"modified":"2024-10-20T15:52:15","modified_gmt":"2024-10-20T13:52:15","slug":"logo-autres-projets","status":"publish","type":"page","link":"https:\/\/wolfielpz.fr\/index.php\/logo-autres-projets\/","title":{"rendered":"LOGO &amp; AUTRES PROJETS"},"content":{"rendered":"\n<div class=\"wp-block-columns is-layout-flex wp-container-core-columns-is-layout-28f84493 wp-block-columns-is-layout-flex\">\n<div class=\"wp-block-column is-layout-flow wp-block-column-is-layout-flow\">\n<div class=\"wp-block-columns is-layout-flex wp-container-core-columns-is-layout-28f84493 wp-block-columns-is-layout-flex\">\n<div class=\"wp-block-column is-layout-flow wp-block-column-is-layout-flow\">\n<div class=\"wp-block-columns is-layout-flex wp-container-core-columns-is-layout-28f84493 wp-block-columns-is-layout-flex\">\n<div class=\"wp-block-column is-layout-flow wp-block-column-is-layout-flow\"><\/div>\n<\/div>\n\n\n\n<p><\/p>\n<\/div>\n<\/div>\n<\/div>\n<\/div>\n\n\n\n<div class=\"wp-block-group alignwide has-background-light-background-color has-background is-layout-constrained wp-container-core-group-is-layout-434ef3ae wp-block-group-is-layout-constrained\" style=\"padding-bottom:110px\">\n<div class=\"wp-block-media-text alignwide is-stacked-on-mobile is-vertically-aligned-center\" style=\"grid-template-columns:64% auto\"><figure class=\"wp-block-media-text__media\"><img loading=\"lazy\" decoding=\"async\" width=\"1024\" height=\"473\" src=\"http:\/\/wolfielpz.fr\/wp-content\/uploads\/2024\/09\/baack-1024x473.png\" alt=\"\" class=\"wp-image-589 size-full\" srcset=\"https:\/\/wolfielpz.fr\/wp-content\/uploads\/2024\/09\/baack-1024x473.png 1024w, https:\/\/wolfielpz.fr\/wp-content\/uploads\/2024\/09\/baack-300x139.png 300w, https:\/\/wolfielpz.fr\/wp-content\/uploads\/2024\/09\/baack-768x355.png 768w, https:\/\/wolfielpz.fr\/wp-content\/uploads\/2024\/09\/baack-1536x710.png 1536w, https:\/\/wolfielpz.fr\/wp-content\/uploads\/2024\/09\/baack-2048x946.png 2048w, https:\/\/wolfielpz.fr\/wp-content\/uploads\/2024\/09\/baack-1170x541.png 1170w\" sizes=\"auto, (max-width: 1024px) 100vw, 1024px\" \/><\/figure><div class=\"wp-block-media-text__content\">\n<div class=\"wp-block-group is-style-ona-negative-offset-left has-background-background-color has-background is-layout-flow wp-block-group-is-layout-flow\" style=\"padding-top:20%;padding-right:15%;padding-bottom:20%;padding-left:15%\">\n<p class=\"has-text-align-center\">Pour tout projets personnalis\u00e9s <br>&amp; logos, vous pouvez me contacter sur mes r\u00e9seaux sociaux ou \u00e0<br>Sarah@wolfielpz.fr<\/p>\n<\/div>\n<\/div><\/div>\n<\/div>\n","protected":false},"excerpt":{"rendered":"<p>Pour tout projets personnalis\u00e9s &amp; logos, vous pouvez me contacter sur mes r\u00e9seaux sociaux ou \u00e0Sarah@wolfielpz.fr<\/p>\n","protected":false},"author":1,"featured_media":0,"parent":0,"menu_order":0,"comment_status":"closed","ping_status":"closed","template":"","meta":{"footnotes":""},"class_list":["post-587","page","type-page","status-publish","hentry"],"_links":{"self":[{"href":"https:\/\/wolfielpz.fr\/index.php\/wp-json\/wp\/v2\/pages\/587","targetHints":{"allow":["GET"]}}],"collection":[{"href":"https:\/\/wolfielpz.fr\/index.php\/wp-json\/wp\/v2\/pages"}],"about":[{"href":"https:\/\/wolfielpz.fr\/index.php\/wp-json\/wp\/v2\/types\/page"}],"author":[{"embeddable":true,"href":"https:\/\/wolfielpz.fr\/index.php\/wp-json\/wp\/v2\/users\/1"}],"replies":[{"embeddable":true,"href":"https:\/\/wolfielpz.fr\/index.php\/wp-json\/wp\/v2\/comments?post=587"}],"version-history":[{"count":2,"href":"https:\/\/wolfielpz.fr\/index.php\/wp-json\/wp\/v2\/pages\/587\/revisions"}],"predecessor-version":[{"id":610,"href":"https:\/\/wolfielpz.fr\/index.php\/wp-json\/wp\/v2\/pages\/587\/revisions\/610"}],"wp:attachment":[{"href":"https:\/\/wolfielpz.fr\/index.php\/wp-json\/wp\/v2\/media?parent=587"}],"curies":[{"name":"wp","href":"https:\/\/api.w.org\/{rel}","templated":true}]}}