{"id":40,"date":"2023-01-25T16:22:59","date_gmt":"2023-01-25T15:22:59","guid":{"rendered":"http:\/\/wolfielpz.fr\/?page_id=40"},"modified":"2024-10-20T15:51:20","modified_gmt":"2024-10-20T13:51:20","slug":"portraits","status":"publish","type":"page","link":"https:\/\/wolfielpz.fr\/index.php\/portraits\/","title":{"rendered":"PORTRAITS"},"content":{"rendered":"\n<div class=\"wp-block-group is-layout-constrained wp-block-group-is-layout-constrained\"><\/div>\n\n\n\n<div class=\"wp-block-columns is-layout-flex wp-container-core-columns-is-layout-28f84493 wp-block-columns-is-layout-flex\">\n<div class=\"wp-block-column is-layout-flow wp-block-column-is-layout-flow\">\n<div class=\"wp-block-group is-style-ona-negative-offset-left has-background-light-background-color has-background has-medium-large-font-size is-content-justification-center is-layout-constrained wp-container-core-group-is-layout-bf39e9ae wp-block-group-is-layout-constrained\" style=\"margin-top:0;margin-bottom:0;padding-top:41px;padding-right:var(--wp--preset--spacing--40);padding-bottom:51px;padding-left:var(--wp--preset--spacing--40)\">\n<div class=\"wp-block-columns is-layout-flex wp-container-core-columns-is-layout-57d1479e wp-block-columns-is-layout-flex\" style=\"margin-bottom:30px\">\n<div class=\"wp-block-column is-layout-flow wp-container-core-column-is-layout-47e5a185 wp-block-column-is-layout-flow\">\n<div class=\"wp-block-group has-background is-layout-constrained wp-container-core-group-is-layout-254f1302 wp-block-group-is-layout-constrained\" style=\"background:linear-gradient(180deg,rgba(255,255,255,0) 79%,rgb(255,255,255) 79%);padding-top:0;padding-right:0;padding-bottom:0;padding-left:0\">\n<figure class=\"wp-block-image aligncenter size-large is-resized has-custom-border hover-scale\"><img loading=\"lazy\" decoding=\"async\" width=\"655\" height=\"1024\" src=\"http:\/\/wolfielpz.fr\/wp-content\/uploads\/2024\/01\/jose-655x1024.png\" alt=\"\" class=\"wp-image-520\" style=\"border-radius:5px;width:232px;height:369px\" srcset=\"https:\/\/wolfielpz.fr\/wp-content\/uploads\/2024\/01\/jose-655x1024.png 655w, https:\/\/wolfielpz.fr\/wp-content\/uploads\/2024\/01\/jose-192x300.png 192w, https:\/\/wolfielpz.fr\/wp-content\/uploads\/2024\/01\/jose-768x1200.png 768w, https:\/\/wolfielpz.fr\/wp-content\/uploads\/2024\/01\/jose-983x1536.png 983w, https:\/\/wolfielpz.fr\/wp-content\/uploads\/2024\/01\/jose-1311x2048.png 1311w, https:\/\/wolfielpz.fr\/wp-content\/uploads\/2024\/01\/jose-1170x1828.png 1170w\" sizes=\"auto, (max-width: 655px) 100vw, 655px\" \/><\/figure>\n<\/div>\n\n\n\n<div class=\"wp-block-group has-background-background-color has-background is-layout-constrained wp-container-core-group-is-layout-4d71a4af wp-block-group-is-layout-constrained\" style=\"padding-top:2rem;padding-right:2rem;padding-bottom:2rem;padding-left:2rem\">\n<h3 class=\"wp-block-heading has-text-align-center is-style-default has-medium-font-size\"><br>Fond simple<br><\/h3>\n\n\n\n<p class=\"has-text-align-center has-headings-font-family has-base-font-size\" style=\"font-style:normal;font-weight:500\">50\u20ac<\/p>\n<\/div>\n<\/div>\n\n\n\n<div class=\"wp-block-column is-layout-flow wp-block-column-is-layout-flow\">\n<figure class=\"wp-block-image aligncenter size-large is-resized hover-scale\"><img loading=\"lazy\" decoding=\"async\" width=\"594\" height=\"1024\" src=\"https:\/\/wolfielpz.fr\/wp-content\/uploads\/2024\/07\/jose-1-594x1024.png\" alt=\"\" class=\"wp-image-547\" style=\"object-fit:cover;width:232px;height:369px\" srcset=\"https:\/\/wolfielpz.fr\/wp-content\/uploads\/2024\/07\/jose-1-594x1024.png 594w, https:\/\/wolfielpz.fr\/wp-content\/uploads\/2024\/07\/jose-1-174x300.png 174w, https:\/\/wolfielpz.fr\/wp-content\/uploads\/2024\/07\/jose-1-768x1324.png 768w, https:\/\/wolfielpz.fr\/wp-content\/uploads\/2024\/07\/jose-1-891x1536.png 891w, https:\/\/wolfielpz.fr\/wp-content\/uploads\/2024\/07\/jose-1-1188x2048.png 1188w, https:\/\/wolfielpz.fr\/wp-content\/uploads\/2024\/07\/jose-1-1170x2017.png 1170w\" sizes=\"auto, (max-width: 594px) 100vw, 594px\" \/><\/figure>\n\n\n\n<div class=\"wp-block-group is-style-default has-background-background-color has-background is-layout-constrained wp-container-core-group-is-layout-b3992300 wp-block-group-is-layout-constrained\" style=\"border-style:none;border-width:0px;border-radius:0px;min-height:0px;margin-top:0;margin-bottom:0;padding-top:2rem;padding-right:2rem;padding-bottom:2rem;padding-left:2rem;font-size:0px\">\n<h3 class=\"wp-block-heading has-text-align-center is-style-default has-medium-font-size\">Portrait visage d\u00e9taill\u00e9<\/h3>\n\n\n\n<p class=\"has-text-align-center has-headings-font-family has-base-font-size\" style=\"font-style:normal;font-weight:500\">75\u20ac<\/p>\n<\/div>\n<\/div>\n\n\n\n<div class=\"wp-block-column is-layout-flow wp-container-core-column-is-layout-47e5a185 wp-block-column-is-layout-flow\">\n<div class=\"wp-block-group has-background is-layout-constrained wp-container-core-group-is-layout-da6817d8 wp-block-group-is-layout-constrained\" style=\"background:linear-gradient(180deg,rgba(255,255,255,0) 79%,rgb(255,255,255) 79%);margin-top:0;margin-bottom:0;padding-top:0;padding-right:0;padding-bottom:0;padding-left:0\">\n<figure class=\"wp-block-image aligncenter size-large is-resized has-custom-border hover-scale\"><img loading=\"lazy\" decoding=\"async\" width=\"666\" height=\"1024\" src=\"https:\/\/wolfielpz.fr\/wp-content\/uploads\/2024\/07\/kimelo-666x1024.png\" alt=\"\" class=\"wp-image-546\" style=\"border-radius:5px;width:232px;height:369px\" srcset=\"https:\/\/wolfielpz.fr\/wp-content\/uploads\/2024\/07\/kimelo-666x1024.png 666w, https:\/\/wolfielpz.fr\/wp-content\/uploads\/2024\/07\/kimelo-195x300.png 195w, https:\/\/wolfielpz.fr\/wp-content\/uploads\/2024\/07\/kimelo-768x1182.png 768w, https:\/\/wolfielpz.fr\/wp-content\/uploads\/2024\/07\/kimelo-998x1536.png 998w, https:\/\/wolfielpz.fr\/wp-content\/uploads\/2024\/07\/kimelo-1331x2048.png 1331w, https:\/\/wolfielpz.fr\/wp-content\/uploads\/2024\/07\/kimelo-1170x1800.png 1170w\" sizes=\"auto, (max-width: 666px) 100vw, 666px\" \/><\/figure>\n<\/div>\n\n\n\n<div class=\"wp-block-group has-background-background-color has-background is-layout-constrained wp-container-core-group-is-layout-b3992300 wp-block-group-is-layout-constrained\" style=\"margin-top:0;margin-bottom:0;padding-top:2rem;padding-right:2rem;padding-bottom:2rem;padding-left:2rem\">\n<h3 class=\"wp-block-heading has-text-align-center is-style-default has-medium-font-size\">Portrait avec fond \/ Plusieurs perso<\/h3>\n\n\n\n<p class=\"has-text-align-center has-headings-font-family has-base-font-size\" style=\"font-style:normal;font-weight:500\">A partir de 75\u20ac<\/p>\n<\/div>\n<\/div>\n<\/div>\n\n\n\n<div class=\"wp-block-columns is-layout-flex wp-container-core-columns-is-layout-2709eace wp-block-columns-is-layout-flex\">\n<div class=\"wp-block-column is-layout-flow wp-block-column-is-layout-flow\">\n<p class=\"has-text-align-center has-background has-base-font-size\" style=\"background-color:#e0d9ea\">Pour toute commande, contactez-moi sur mes r\u00e9seaux sociaux ou \u00e0 <a href=\"mailto:sarah@wolfielpz.fr\">sarah@wolfielpz.fr<\/a> <br><em>(Pour les fonds d\u00e9j\u00e0 existants, voir page <a href=\"http:\/\/wolfielpz.fr\/index.php\/portfolio\/\">portfolio<\/a>)<\/em><br><br>Paiement par PayPal uniquement<\/p>\n<\/div>\n<\/div>\n<\/div>\n<\/div>\n<\/div>\n","protected":false},"excerpt":{"rendered":"<p>Fond simple 50\u20ac Portrait visage d\u00e9taill\u00e9 75\u20ac Portrait avec fond \/ Plusieurs perso A partir de 75\u20ac Pour toute commande, contactez-moi sur mes r\u00e9seaux sociaux ou \u00e0 sarah@wolfielpz.fr (Pour les fonds d\u00e9j\u00e0 existants, voir page portfolio) Paiement par PayPal uniquement<\/p>\n","protected":false},"author":1,"featured_media":0,"parent":0,"menu_order":0,"comment_status":"closed","ping_status":"closed","template":"","meta":{"footnotes":""},"class_list":["post-40","page","type-page","status-publish","hentry"],"_links":{"self":[{"href":"https:\/\/wolfielpz.fr\/index.php\/wp-json\/wp\/v2\/pages\/40","targetHints":{"allow":["GET"]}}],"collection":[{"href":"https:\/\/wolfielpz.fr\/index.php\/wp-json\/wp\/v2\/pages"}],"about":[{"href":"https:\/\/wolfielpz.fr\/index.php\/wp-json\/wp\/v2\/types\/page"}],"author":[{"embeddable":true,"href":"https:\/\/wolfielpz.fr\/index.php\/wp-json\/wp\/v2\/users\/1"}],"replies":[{"embeddable":true,"href":"https:\/\/wolfielpz.fr\/index.php\/wp-json\/wp\/v2\/comments?post=40"}],"version-history":[{"count":38,"href":"https:\/\/wolfielpz.fr\/index.php\/wp-json\/wp\/v2\/pages\/40\/revisions"}],"predecessor-version":[{"id":608,"href":"https:\/\/wolfielpz.fr\/index.php\/wp-json\/wp\/v2\/pages\/40\/revisions\/608"}],"wp:attachment":[{"href":"https:\/\/wolfielpz.fr\/index.php\/wp-json\/wp\/v2\/media?parent=40"}],"curies":[{"name":"wp","href":"https:\/\/api.w.org\/{rel}","templated":true}]}}